{"id":48,"date":"2019-10-31T09:50:58","date_gmt":"2019-10-31T09:50:58","guid":{"rendered":"https:\/\/www.demo.cosmoswp.com\/demo-9\/?page_id=50"},"modified":"2025-01-22T15:28:44","modified_gmt":"2025-01-22T14:28:44","slug":"ueber-uns","status":"publish","type":"page","link":"https:\/\/www.pp-ingenieure.de\/content\/ueber-uns\/","title":{"rendered":"Erfahrung, Kompetenz, Know-how"},"content":{"rendered":"\n<section id=\"gm1f54a98\" class=\"wp-block-gutentor-m4 section-gm1f54a98 gutentor-module gutentor-advanced-columns has-image-bg has-custom-bg\"><div class=\"grid-container\"><div class=\"grid-row\">\n<div id=\"col-gm8427d2\" class=\"wp-block-gutentor-m4-col col-gm8427d2 gutentor-single-column  grid-lg-12 grid-md-12 grid-12\"><div id=\"section-gm8427d2\" class=\"section-gm8427d2 gutentor-col-wrap\">\n<div id=\"section-g2de7f2\" class=\"wp-block-gutentor-e1 section-g2de7f2 gutentor-element gutentor-element-advanced-text\"><div class=\"gutentor-text-wrap\"><h2 class=\"gutentor-text\">Wir \u00fcber uns<\/h2><\/div><\/div>\n\n\n\n<div id=\"section-gcfe9d6\" class=\"wp-block-gutentor-e1 section-gcfe9d6 gutentor-element gutentor-element-advanced-text\"><div class=\"gutentor-text-wrap\"><p class=\"gutentor-text\">PPI SACHVERST\u00c4NDIGE ist ein Sachverst\u00e4ndigenb\u00fcro mit \u00f6ffentlich bestellten und vereidigten Sachverst\u00e4ndigen (bei Gericht zugelassen) mit Fachgebietsschwerpunkt auf Industrie-Isolierungen f\u00fcr industrielle Gro\u00dfanlagen und Kraftwerke.<\/p><\/div><\/div>\n\n\n\n<div id=\"section-g9d5bf8\" class=\"wp-block-gutentor-e1 section-g9d5bf8 gutentor-element gutentor-element-advanced-text\"><div class=\"gutentor-text-wrap\"><h4 class=\"gutentor-text\">Unser Sachverst\u00e4ndigenb\u00fcro hat sich seit Bestehen auf die <\/h4><\/div><\/div>\n\n\n\n<div id=\"section-g54f7e5\" class=\"wp-block-gutentor-e7 section-g54f7e5 gutentor-element gutentor-element-list\"><ul class=\"grid-row gutentor-grid-item-wrap list-indicator-icon\"><li class=\"gutentor-list-item grid-lg-12 grid-md-12 grid-12\"><span class=\"gutentor-single-item gutentor-single-item-0\"><span class=\"gutentor-list-item-wrap g-s-list-wrap\"><span class=\"gutentor-single-list-item-icon\"><i class=\"list-item-icon fas fa-check\"><\/i><\/span><span class=\"gutentor-list-item\"><p class=\"gutentor-single-item-title\">Planung<\/p><\/span><\/span><\/span><\/li><li class=\"gutentor-list-item grid-lg-12 grid-md-12 grid-12\"><span class=\"gutentor-single-item gutentor-single-item-1\"><span class=\"gutentor-list-item-wrap g-s-list-wrap\"><span class=\"gutentor-single-list-item-icon\"><i class=\"list-item-icon fas fa-check\"><\/i><\/span><span class=\"gutentor-list-item\"><p class=\"gutentor-single-item-title\">Beratung und<\/p><\/span><\/span><\/span><\/li><li class=\"gutentor-list-item grid-lg-12 grid-md-12 grid-12\"><span class=\"gutentor-single-item gutentor-single-item-2\"><span class=\"gutentor-list-item-wrap g-s-list-wrap\"><span class=\"gutentor-single-list-item-icon\"><i class=\"list-item-icon fas fa-check\"><\/i><\/span><span class=\"gutentor-list-item\"><p class=\"gutentor-single-item-title\">baubegleitende Qualit\u00e4tssicherung <\/p><\/span><\/span><\/span><\/li><\/ul><\/div>\n\n\n\n<div id=\"section-g8a8f4b\" class=\"wp-block-gutentor-e1 section-g8a8f4b gutentor-element gutentor-element-advanced-text\"><div class=\"gutentor-text-wrap\"><h4 class=\"gutentor-text\">zu folgenden bauphysikalischen Problemfeldern spezialisiert<\/h4><\/div><\/div>\n\n\n\n<div id=\"section-gf59713\" class=\"wp-block-gutentor-e7 section-gf59713 gutentor-element gutentor-element-list\"><ul class=\"grid-row gutentor-grid-item-wrap list-indicator-icon\"><li class=\"gutentor-list-item grid-lg-12 grid-md-12 grid-12\"><span class=\"gutentor-single-item gutentor-single-item-0\"><span class=\"gutentor-list-item-wrap g-s-list-wrap\"><span class=\"gutentor-single-list-item-icon\"><i class=\"list-item-icon fas fa-check\"><\/i><\/span><span class=\"gutentor-list-item\"><p class=\"gutentor-single-item-title\">W\u00e4rmeschutz<\/p><\/span><\/span><\/span><\/li><li class=\"gutentor-list-item grid-lg-12 grid-md-12 grid-12\"><span class=\"gutentor-single-item gutentor-single-item-1\"><span class=\"gutentor-list-item-wrap g-s-list-wrap\"><span class=\"gutentor-single-list-item-icon\"><i class=\"list-item-icon fas fa-check\"><\/i><\/span><span class=\"gutentor-list-item\"><p class=\"gutentor-single-item-title\">K\u00e4lteschutz<\/p><\/span><\/span><\/span><\/li><li class=\"gutentor-list-item grid-lg-12 grid-md-12 grid-12\"><span class=\"gutentor-single-item gutentor-single-item-2\"><span class=\"gutentor-list-item-wrap g-s-list-wrap\"><span class=\"gutentor-single-list-item-icon\"><i class=\"list-item-icon fas fa-check\"><\/i><\/span><span class=\"gutentor-list-item\"><p class=\"gutentor-single-item-title\">Schallschutz<\/p><\/span><\/span><\/span><\/li><li class=\"gutentor-list-item grid-lg-12 grid-md-12 grid-12\"><span class=\"gutentor-single-item gutentor-single-item-3\"><span class=\"gutentor-list-item-wrap g-s-list-wrap\"><span class=\"gutentor-single-list-item-icon\"><i class=\"list-item-icon fas fa-check\"><\/i><\/span><span class=\"gutentor-list-item\"><p class=\"gutentor-single-item-title\">Brandschutz<\/p><\/span><\/span><\/span><\/li><\/ul><\/div>\n<\/div><\/div>\n<\/div><\/div><\/section>\n","protected":false},"excerpt":{"rendered":"","protected":false},"author":1,"featured_media":0,"parent":0,"menu_order":0,"comment_status":"closed","ping_status":"closed","template":"template-gutentor-full-width.php","meta":{"footnotes":""},"class_list":["post-48","page","type-page","status-publish","hentry"],"_links":{"self":[{"href":"https:\/\/www.pp-ingenieure.de\/content\/wp-json\/wp\/v2\/pages\/48","targetHints":{"allow":["GET"]}}],"collection":[{"href":"https:\/\/www.pp-ingenieure.de\/content\/wp-json\/wp\/v2\/pages"}],"about":[{"href":"https:\/\/www.pp-ingenieure.de\/content\/wp-json\/wp\/v2\/types\/page"}],"author":[{"embeddable":true,"href":"https:\/\/www.pp-ingenieure.de\/content\/wp-json\/wp\/v2\/users\/1"}],"replies":[{"embeddable":true,"href":"https:\/\/www.pp-ingenieure.de\/content\/wp-json\/wp\/v2\/comments?post=48"}],"version-history":[{"count":48,"href":"https:\/\/www.pp-ingenieure.de\/content\/wp-json\/wp\/v2\/pages\/48\/revisions"}],"predecessor-version":[{"id":457,"href":"https:\/\/www.pp-ingenieure.de\/content\/wp-json\/wp\/v2\/pages\/48\/revisions\/457"}],"wp:attachment":[{"href":"https:\/\/www.pp-ingenieure.de\/content\/wp-json\/wp\/v2\/media?parent=48"}],"curies":[{"name":"wp","href":"https:\/\/api.w.org\/{rel}","templated":true}]}}